{"id":166,"date":"2024-08-01T15:48:50","date_gmt":"2024-08-01T13:48:50","guid":{"rendered":"https:\/\/mintergroup.eu\/?post_type=product&#038;p=166"},"modified":"2025-08-02T11:12:51","modified_gmt":"2025-08-02T09:12:51","slug":"corso-imint","status":"publish","type":"product","link":"https:\/\/mintergroup.eu\/en\/prodotto\/corso-imint\/","title":{"rendered":"Corso IMINT"},"content":{"rendered":"<p><strong>Modalit\u00e0 di fruizione<\/strong><\/p>\n<p>Il corso sar\u00e0 svolto in modalit\u00e0 remota, via MS Teams o similare (dettagli da specificare, secondo possibilit\u00e0 \/ limitazioni dei partecipanti).<\/p>\n<p>&nbsp;<\/p>\n<p><strong>Prerequisiti per i partecipanti<\/strong><\/p>\n<p>Non ci sono prerequisiti di competenze scientifiche pregresse.<\/p>\n<p>Dal punto di vista tecnico, sar\u00e0 necessaria la possibilit\u00e0 di partecipare in modo confortevole a delle sessioni di teleconferenza: quindi uno schermo adeguato, cuffie con microfono o similari, e una buona connessione internet.<\/p>\n<p>&nbsp;<\/p>\n<p><strong>Informazioni\u00a0sul corso<\/strong><\/p>\n<p>Si tratta di\u00a0<strong>cinque giornate, divise in due sessioni<\/strong>:<\/p>\n<ul>\n<li>Il corso base si terr\u00e0 tutti i venerd\u00ec dalle ore 9.30 alle ore 16.30 (tre venerd\u00ec)<\/li>\n<li>Il corso di approfondimento (per personale specifico, su richiesta) sono due giornate aggiuntive, il gioved\u00ec e venerd\u00ec di un&#8217;unica settimana dalle ore 9.30 alle 16.30.<\/li>\n<\/ul>\n<p>Ciascuna giornata sar\u00e0 caratterizzata da\u00a0vari momenti:<\/p>\n<ul>\n<li>Parte descrittiva, con una presentazione del docente, con coinvolgimento dei partecipanti;<\/li>\n<li>Un esempio pratico dimostrato dal docente;<\/li>\n<li>Pause\u00a0tra le lezioni;<\/li>\n<li>Test online volti a rafforzare i temi principali appresi;<\/li>\n<li>Sessione di Domande e Risposte.<\/li>\n<\/ul>\n<p>Oltre al materiale di studio indicato durante il corso, ai partecipanti saranno rilasciati:<\/p>\n<ul>\n<li>Copia delle presentazioni, in pdf;<\/li>\n<li>Attestazione di partecipazione, in formato elettronico.<\/li>\n<\/ul>\n<p>&nbsp;<\/p>\n<p><strong>MInter Group s.r.l.<\/strong>\u00a0prevede i seguenti\u00a0<strong>sconti<\/strong>:<\/p>\n<ul>\n<li>Studenti iscritti all&#8217;Universit\u00e0 o presso altri Master SCONTO 10%<\/li>\n<li>Appartenenti alle Forze Armate e Forze dell&#8217;Ordine SCONTO 10%<\/li>\n<li>Appartenenti alla Pubblica Amministrazione SCONTO 10%<\/li>\n<li>Membri dell&#8217;Associazione Mondo Internazionale APS SCONTO 10%.<\/li>\n<\/ul>\n","protected":false},"excerpt":{"rendered":"<p>L&#8217;IMINT, acronimo di\u00a0<strong>IMagery INTelligence<\/strong>, \u00e8 l&#8217;attivit\u00e0 di raccolta di informazioni mediante l&#8217;analisi di fotografie aeree o satellitari. L\u2019acronimo \u00e8 spesso utilizzato per le\u00a0funzioni fondamentali per le attivit\u00e0 di intelligence e sicurezza ma, la raccolta di informazioni satellitari e aree, \u00e8 fondamentale anche per attivit\u00e0 agricole, infrastrutturali e per i trasporti e molto altro.<\/p>\n<p><strong>Grazie alla partnership tra MInter Group e Serco Italia\u00a0<\/strong>proponiamo il primo\u00a0corso online\u00a0per imparare ad utilizzare le immagini satellitari, interpretare le informazioni e renderle usufruibili alle Istituzioni e alle imprese per i diversi impieghi.<\/p>\n<p>I\u00a0<em>docenti<\/em>\u00a0di GIS Academy godono di anni di esperienza sul campo in scenari caratterizzati da conflitti, ma anche analisi e ricerca, offrendo contenuti unici e utili all&#8217;apprendimento di competenze pratiche.<\/p>\n<p>I\u00a0<em>corsi<\/em>\u00a0sono rivolti agli appassionati di analisi geopolitica, laureandi e laureati, ma anche professionisti che desiderano avere una panoramica a 360\u00b0 sugli scenari e strumenti che caratterizzano il mondo contemporaneo.<\/p>\n<p>La II edizione si tiene a ottobre\/novembre 2025. Le lezioni sono fissate, in attesa di conferma per:<br \/>\n&#8211; Venerd\u00ec 17 ottobre;<br \/>\n&#8211; Venerd\u00ec 24 ottobre;<br \/>\n&#8211; Venerd\u00ec 31 ottobre;<br \/>\n&#8211; Gioved\u00ec e Venerd\u00ec 6 e 7 novembre.<\/p>\n<p><strong>Scrivi una e-mail<\/strong>\u00a0a\u00a0<a href=\"mailto:segreteria@mintergroup.eu.\" target=\"_blank\" rel=\"noopener\">segreteria@mintergroup.eu<\/a>\u00a0per ulteriori informazioni.<\/p>\n","protected":false},"featured_media":677,"comment_status":"closed","ping_status":"closed","template":"","meta":[],"product_cat":[38,35,37],"product_tag":[],"class_list":{"0":"post-166","1":"product","2":"type-product","3":"status-publish","4":"has-post-thumbnail","6":"product_cat-corsi","7":"product_cat-corsi-di-formazione","8":"product_cat-corsi-di-intelligence","10":"first","11":"instock","12":"taxable","13":"shipping-taxable","14":"purchasable","15":"product-type-variable"},"_links":{"self":[{"href":"https:\/\/mintergroup.eu\/en\/wp-json\/wp\/v2\/product\/166","targetHints":{"allow":["GET"]}}],"collection":[{"href":"https:\/\/mintergroup.eu\/en\/wp-json\/wp\/v2\/product"}],"about":[{"href":"https:\/\/mintergroup.eu\/en\/wp-json\/wp\/v2\/types\/product"}],"replies":[{"embeddable":true,"href":"https:\/\/mintergroup.eu\/en\/wp-json\/wp\/v2\/comments?post=166"}],"wp:featuredmedia":[{"embeddable":true,"href":"https:\/\/mintergroup.eu\/en\/wp-json\/wp\/v2\/media\/677"}],"wp:attachment":[{"href":"https:\/\/mintergroup.eu\/en\/wp-json\/wp\/v2\/media?parent=166"}],"wp:term":[{"taxonomy":"product_cat","embeddable":true,"href":"https:\/\/mintergroup.eu\/en\/wp-json\/wp\/v2\/product_cat?post=166"},{"taxonomy":"product_tag","embeddable":true,"href":"https:\/\/mintergroup.eu\/en\/wp-json\/wp\/v2\/product_tag?post=166"}],"curies":[{"name":"wp","href":"https:\/\/api.w.org\/{rel}","templated":true}]}}