{"id":383,"date":"2024-09-13T15:31:46","date_gmt":"2024-09-13T13:31:46","guid":{"rendered":"https:\/\/mintergroup.eu\/?post_type=product&#038;p=383"},"modified":"2024-12-26T00:28:03","modified_gmt":"2024-12-25T23:28:03","slug":"la-sicurezza-marittima-e-le-infrastrutture-critiche-subacquee","status":"publish","type":"product","link":"https:\/\/mintergroup.eu\/en\/prodotto\/la-sicurezza-marittima-e-le-infrastrutture-critiche-subacquee\/","title":{"rendered":"La sicurezza marittima e le infrastrutture critiche subacquee"},"content":{"rendered":"<p>Reti energetiche, reti di comunicazione e sedimi portuali vanno tutelati attraverso il coinvolgimento della\u00a0Difesa, della ricerca e dell\u2019industria, favorendo un processo che permetta di acquisire tutte le capacit\u00e0 necessarie per contrastare le\u00a0potenziali\u00a0minacce ed esercitare un adeguato livello di deterrenza rispetto\u00a0ad attori che agiscano contro\u00a0l\u2019interesse nazionale\u00a0violando\u00a0a leggi e regolamenti\u00a0nazionali\u00a0ed internazionali.<\/p>\n<p>La Marina Militare Italiana (MMI) per sua stessa vocazione e tradizione, \u00e8 in grado di recitare un ruolo primario e di leadership per la pianificazione, il coordinamento e la gestione delle attivit\u00e0 di controllo non solo degli assetti sottomarini civili e militari ma, anche di quei sistemi di superficie che possono essere difesi efficacemente da sotto la superficie marina.<\/p>\n<p>Lo svolgimento dell\u2019attivit\u00e0 di sorveglianza dei fondali sottomarini in modo \u201cpersistente\u201d, \u201caffidabile\u201d ed \u201cefficace\u201d, \u00e8 inevitabilmente connesso all\u2019impiego di tecnologie abilitanti quali l\u2019intelligenza artificiale, gli\u00a0autonomous underwater vehicle\u00a0e le nanotecnologie. Tuttavia, innalzare il livello di\u00a0technology readiness, \u00e8anche\u00a0necessario definire in tempi\u00a0brevi\u00a0un piano programmatico e strutturato in termini di contenuti, tempi e coperture economiche, senza dimenticare l\u2019innegabile ricaduta positiva che\u00a0si\u00a0avrebbe nel contesto\u00a0dual use. Tale approccio richiede il coordinamento fra MMI, centri di ricerca ed aziende con la necessaria\u00a0expertisetecnologica.<\/p>\n<hr \/>\n<p>Questa analisi, si pone l\u2019obiettivo di analizzare la concretezza delle minacce agli interessi industriali ed economici del nostro Paese, riguardanti le reti energetiche e di comunicazione, la sicurezza dei sedimi portuali civili e militari ed i traffici marittimi. Il focus da un punto di vista geopolitico \u00e8 legato alla cosiddetta area del Mediterraneo Allargato che, oltre al bacino del Mediterraneo vero e proprio, include ad est il Golfo di Aden e a ovest la congiungente Azzorre \u2013 Canarie,\u00a0sebbene tale delimitazione non strettamente legata agli interessi nazionali e sia influenzabile\u00a0dell\u2019evoluzione della situazione geopolitica.<\/p>\n<p>Segue poi un\u2019analisi delle dottrine d\u2019impiego e dei programmi di sviluppo di NATO ed UE, mentre per Stati Uniti, Russia e Cina si analizzano i sistemi di\u00a0seabed warfare. Inoltre, da un punto di vista\u00a0prettamentetecnologico, vengono forniti degli spunti di riflessione sulle tecnologie emergenti e\u00a0disruptive, in grado di abilitare l\u2019introduzione di sistemi e soluzioni per lo svolgimento di attivit\u00e0 di Difesa e di sicurezza marittima, in linea con le esigenze espresse dalle Superiori Autorit\u00e0 nazionali.<\/p>\n<p>Il lavoro si chiude con una serie di riflessioni legate alla necessit\u00e0 per l\u2019Italia di definire una propria strategia di protezione delle reti sottomarine e, pi\u00f9 in generale, di presidio dei fondali marini facendo leva sulle capacit\u00e0 che la MMI gi\u00e0 possiede. A tale scopo vengono forniti degli spunti per definire un approccio che consenta di razionalizzare le risorse oggi disponibili attraverso l\u2019analisi preliminare e la \u00a0prioritizzazione delle minacce.<\/p>\n","protected":false},"excerpt":{"rendered":"<p>L\u2019ambiente sottomarino recita un ruolo chiave nella gestione della sicurezza marittima. La capacit\u00e0 di mantenere l\u2019iniziativa in tale ambiente, impedendo ad\u00a0attori ostili\u00a0di accedervi per svolgere attivit\u00e0 malevole, costituisce una componente essenziale per difendere le infrastrutture marittime, sia\u00a0civili che militari, strategiche per il nostro Paese.<\/p>\n","protected":false},"featured_media":681,"comment_status":"closed","ping_status":"closed","template":"","meta":[],"product_cat":[44,23],"product_tag":[],"class_list":{"0":"post-383","1":"product","2":"type-product","3":"status-publish","4":"has-post-thumbnail","6":"product_cat-minter-books","7":"product_cat-pubblicazioni","9":"first","10":"instock","11":"taxable","12":"shipping-taxable","13":"purchasable","14":"product-type-simple"},"_links":{"self":[{"href":"https:\/\/mintergroup.eu\/en\/wp-json\/wp\/v2\/product\/383","targetHints":{"allow":["GET"]}}],"collection":[{"href":"https:\/\/mintergroup.eu\/en\/wp-json\/wp\/v2\/product"}],"about":[{"href":"https:\/\/mintergroup.eu\/en\/wp-json\/wp\/v2\/types\/product"}],"replies":[{"embeddable":true,"href":"https:\/\/mintergroup.eu\/en\/wp-json\/wp\/v2\/comments?post=383"}],"wp:featuredmedia":[{"embeddable":true,"href":"https:\/\/mintergroup.eu\/en\/wp-json\/wp\/v2\/media\/681"}],"wp:attachment":[{"href":"https:\/\/mintergroup.eu\/en\/wp-json\/wp\/v2\/media?parent=383"}],"wp:term":[{"taxonomy":"product_cat","embeddable":true,"href":"https:\/\/mintergroup.eu\/en\/wp-json\/wp\/v2\/product_cat?post=383"},{"taxonomy":"product_tag","embeddable":true,"href":"https:\/\/mintergroup.eu\/en\/wp-json\/wp\/v2\/product_tag?post=383"}],"curies":[{"name":"wp","href":"https:\/\/api.w.org\/{rel}","templated":true}]}}